{"id":64,"date":"2017-09-22T09:31:37","date_gmt":"2017-09-22T09:31:37","guid":{"rendered":"http:\/\/localhost:8888\/wordpress\/?page_id=64"},"modified":"2017-09-29T09:42:33","modified_gmt":"2017-09-29T09:42:33","slug":"aluguer-de-roupa","status":"publish","type":"page","link":"https:\/\/www.linlavandaria.pt\/index.php\/aluguer-de-roupa\/","title":{"rendered":"Aluguer de Roupa (0% de Investimento)"},"content":{"rendered":"<div class=\"article-text\">\n    A LIN, SA dedica-se tamb\u00e9m ao aluguer de roupa hoteleira, nomeadamente roupas para hot\u00e9is, residenciais, pens\u00f5es, turismo de habita\u00e7\u00e3o, etc.<br \/>\n    &nbsp;<br \/>\n    Este aluguer requer contrato, devido ao desgaste da roupa e elimina todas as dores de cabe\u00e7a que a sua lavandaria lhe d\u00e1.<br \/>\n    &nbsp;<br \/>\n    \u00c9 um servi\u00e7o que garante um elevado n\u00edvel de qualidade na lavagem, calandragem e dobragem da roupa. A recolha e entrega da roupa, \u00e9 efetuada conforme contratado.<br \/>\n    &nbsp;<br \/>\n    Aluguer de roupa para hotelaria com contrato.<br \/>\n    &nbsp;<\/p>\n<ul class=\"std\">\n<li>\u2022 Len\u00e7\u00f3is (V\u00e1rios tipos e tamanhos)<\/li>\n<li>\u2022 Fronhas (V\u00e1rios tipos e tamanhos)<\/li>\n<li>\u2022 Turcos (V\u00e1rios tipos e tamanhos)<\/li>\n<li>\u2022 Capas de edred\u00e3o (V\u00e1rios tipos e tamanhos)<\/li>\n<\/ul>\n<p>    &nbsp;<br \/>\n    &#8230; saiba mais.<br \/>\n    &nbsp;<br \/>\n    <\/p>\n<hr \/>\n<p>    &nbsp;<br \/>\n    \n<\/div>\n\n<div class=\"wpcf7 no-js\" id=\"wpcf7-f131-o1\" lang=\"pt-PT\" dir=\"ltr\" data-wpcf7-id=\"131\">\n<div class=\"screen-reader-response\"><p role=\"status\" aria-live=\"polite\" aria-atomic=\"true\"><\/p> <ul><\/ul><\/div>\n<form action=\"\/index.php\/wp-json\/wp\/v2\/pages\/64#wpcf7-f131-o1\" method=\"post\" class=\"wpcf7-form init\" aria-label=\"Formul\u00e1rio de contacto\" novalidate=\"novalidate\" data-status=\"init\">\n<div style=\"display: none;\">\n<input type=\"hidden\" name=\"_wpcf7\" value=\"131\" \/>\n<input type=\"hidden\" name=\"_wpcf7_version\" value=\"6.0.6\" \/>\n<input type=\"hidden\" name=\"_wpcf7_locale\" value=\"pt_PT\" \/>\n<input type=\"hidden\" name=\"_wpcf7_unit_tag\" value=\"wpcf7-f131-o1\" \/>\n<input type=\"hidden\" name=\"_wpcf7_container_post\" value=\"0\" \/>\n<input type=\"hidden\" name=\"_wpcf7_posted_data_hash\" value=\"\" \/>\n<input type=\"hidden\" name=\"_wpcf7_recaptcha_response\" value=\"\" \/>\n<\/div>\n<div class=\"row w-row\">\n\t<div class=\"w-col w-col-12\">\n\t\t<div class=\"w-form\">\n\t\t\t<form class=\"form\" data-name=\"more-info Form\" id=\"more-info-form\" name=\"more-info-form\">\n\t\t\t\t<div class=\"form-body\">\n\t\t\t\t\t<p><label class=\"field-label\" for=\"name\">Nome<\/label>\n\t\t\t\t\t<\/p>\n\t\t\t\t\t<div>\n\t\t\t\t\t\t<p><span class=\"wpcf7-form-control-wrap\" data-name=\"Nome\"><input size=\"40\" maxlength=\"400\" class=\"wpcf7-form-control wpcf7-text wpcf7-validates-as-required text-field w-input\" id=\"name\" aria-required=\"true\" aria-invalid=\"false\" value=\"\" type=\"text\" name=\"Nome\" \/><\/span>\n\t\t\t\t\t\t<\/p>\n\t\t\t\t\t<\/div>\n\t\t\t\t\t<div class=\"w-col w-col-6 w-col-tiny-12 w-inline-block w-col-6-c contact-col1\">\n\t\t\t\t\t\t<p><label class=\"field-label\" for=\"email\">E-mail<\/label>\n\t\t\t\t\t\t<\/p>\n\t\t\t\t\t\t<div>\n\t\t\t\t\t\t\t<p><span class=\"wpcf7-form-control-wrap\" data-name=\"E-mail\"><input size=\"40\" maxlength=\"400\" class=\"wpcf7-form-control wpcf7-email wpcf7-validates-as-required wpcf7-text wpcf7-validates-as-email text-field w-input\" id=\"email\" aria-required=\"true\" aria-invalid=\"false\" value=\"\" type=\"email\" name=\"E-mail\" \/><\/span>\n\t\t\t\t\t\t\t<\/p>\n\t\t\t\t\t\t<\/div>\n\t\t\t\t\t<\/div>\n\t\t\t\t\t<div class=\"w-col w-col-6 w-col-tiny-12 w-inline-block w-col-6-c contact-col2\">\n\t\t\t\t\t\t<p><label class=\"field-label\" for=\"telefone\">Telefone<\/label>\n\t\t\t\t\t\t<\/p>\n\t\t\t\t\t\t<div>\n\t\t\t\t\t\t\t<p><span class=\"wpcf7-form-control-wrap\" data-name=\"Telefone\"><input size=\"40\" maxlength=\"400\" class=\"wpcf7-form-control wpcf7-tel wpcf7-validates-as-required wpcf7-text wpcf7-validates-as-tel text-field w-input\" id=\"telefone\" aria-required=\"true\" aria-invalid=\"false\" value=\"\" type=\"tel\" name=\"Telefone\" \/><\/span>\n\t\t\t\t\t\t\t<\/p>\n\t\t\t\t\t\t<\/div>\n\t\t\t\t\t<\/div>\n\t\t\t\t\t<p><label class=\"field-label\" for=\"assunto\">Assunto<\/label>\n\t\t\t\t\t<\/p>\n\t\t\t\t\t<div>\n\t\t\t\t\t\t<p><span class=\"wpcf7-form-control-wrap\" data-name=\"Assunto\"><input size=\"40\" maxlength=\"400\" class=\"wpcf7-form-control wpcf7-text wpcf7-validates-as-required text-field w-input\" id=\"assunto\" aria-required=\"true\" aria-invalid=\"false\" value=\"\" type=\"text\" name=\"Assunto\" \/><\/span>\n\t\t\t\t\t\t<\/p>\n\t\t\t\t\t<\/div>\n\t\t\t\t\t<p><label class=\"field-label\" for=\"message\">Informa\u00e7\u00f5es sobre aluguer de roupa:<\/label>\n\t\t\t\t\t<\/p>\n\t\t\t\t\t<div>\n\t\t\t\t\t\t<p><span class=\"wpcf7-form-control-wrap\" data-name=\"Informaessobrealuguerderoupa:\"><textarea cols=\"40\" rows=\"10\" maxlength=\"2000\" class=\"wpcf7-form-control wpcf7-textarea wpcf7-validates-as-required text-area w-input\" id=\"field\" aria-required=\"true\" aria-invalid=\"false\" name=\"Informaessobrealuguerderoupa:\"><\/textarea><\/span>\n\t\t\t\t\t\t<\/p>\n\t\t\t\t\t<\/div>\n\t\t\t\t\t<div class=\"w-col w-col-4 w-col-medium-6 w-col-offset-4 w-col-medium-offset-3\">\n\t\t\t\t\t\t<p><input class=\"wpcf7-form-control wpcf7-submit has-spinner submit-button w-button\" id=\"submit-btn\" type=\"submit\" value=\"Enviar pedido de informa\u00e7\u00e3o\" \/>\n\t\t\t\t\t\t<\/p>\n\t\t\t\t\t<\/div>\n\t\t\t\t<\/div>\n\t\t\t\t<div class=\"w-col w-col-4 w-col-medium-6 w-col-offset-4 w-col-medium-offset-3\">\n\t\t\t\t<div class=\"wpcf7-response-output\" aria-hidden=\"true\"><\/div>\n\t\t\t\t<\/div>\n\t\t\t<\/form>\n\t\t<\/div>\n\t<\/div>\n<\/div>\n<div class=\"w-space\">\n<\/div>\n<\/form>\n<\/div>\n\n","protected":false},"excerpt":{"rendered":"A LIN, SA dedica-se tamb\u00e9m ao aluguer de roupa hoteleira, nomeadamente roupas para hot\u00e9is, residenciais, pens\u00f5es, turismo de habita\u00e7\u00e3o, etc. &nbsp; Este aluguer requer contrato, devido ao desgaste da roupa e elimina todas as dores de cabe\u00e7a que a sua lavandaria lhe d\u00e1. &nbsp; \u00c9 um servi\u00e7o que garante um elevado n\u00edvel de qualidade na&#8230; <a class=\"view-article\" href=\"https:\/\/www.linlavandaria.pt\/index.php\/aluguer-de-roupa\/\">View Article<\/a>","protected":false},"author":1,"featured_media":0,"parent":0,"menu_order":0,"comment_status":"closed","ping_status":"closed","template":"","meta":{"footnotes":""},"class_list":["post-64","page","type-page","status-publish","hentry"],"yoast_head":"<!-- This site is optimized with the Yoast SEO plugin v24.9 - https:\/\/yoast.com\/wordpress\/plugins\/seo\/ -->\n<title>Aluguer de Roupa (0% de Investimento) - LIN - Lavandaria Industrial<\/title>\n<meta name=\"description\" content=\"A Lin lavandaria foi constitu\u00edda em 1995, como culminar de um projecto de investimento submetido ao SAJE e deu o inicio \u00e0 sua actividade em Mar\u00e7o de 1996.\" \/>\n<meta name=\"robots\" content=\"index, follow, max-snippet:-1, max-image-preview:large, max-video-preview:-1\" \/>\n<link rel=\"canonical\" href=\"https:\/\/www.linlavandaria.pt\/index.php\/aluguer-de-roupa\/\" \/>\n<meta property=\"og:locale\" content=\"pt_PT\" \/>\n<meta property=\"og:type\" content=\"article\" \/>\n<meta property=\"og:title\" content=\"Aluguer de Roupa (0% de Investimento) - LIN - Lavandaria Industrial\" \/>\n<meta property=\"og:description\" content=\"A Lin lavandaria foi constitu\u00edda em 1995, como culminar de um projecto de investimento submetido ao SAJE e deu o inicio \u00e0 sua actividade em Mar\u00e7o de 1996.\" \/>\n<meta property=\"og:url\" content=\"https:\/\/www.linlavandaria.pt\/index.php\/aluguer-de-roupa\/\" \/>\n<meta property=\"og:site_name\" content=\"LIN - Lavandaria Industrial\" \/>\n<meta property=\"article:publisher\" content=\"https:\/\/www.facebook.com\/people\/LIN-Lavandaria-Industrial\/100064782247048\/?locale=pt_PT&amp;_rdr\" \/>\n<meta property=\"article:modified_time\" content=\"2017-09-29T09:42:33+00:00\" \/>\n<meta name=\"twitter:card\" content=\"summary_large_image\" \/>\n<meta name=\"twitter:label1\" content=\"Tempo estimado de leitura\" \/>\n\t<meta name=\"twitter:data1\" content=\"1 minuto\" \/>\n<script type=\"application\/ld+json\" class=\"yoast-schema-graph\">{\"@context\":\"https:\/\/schema.org\",\"@graph\":[{\"@type\":\"WebPage\",\"@id\":\"https:\/\/www.linlavandaria.pt\/index.php\/aluguer-de-roupa\/\",\"url\":\"https:\/\/www.linlavandaria.pt\/index.php\/aluguer-de-roupa\/\",\"name\":\"Aluguer de Roupa (0% de Investimento) - LIN - Lavandaria Industrial\",\"isPartOf\":{\"@id\":\"http:\/\/www.linlavandaria.pt\/#website\"},\"datePublished\":\"2017-09-22T09:31:37+00:00\",\"dateModified\":\"2017-09-29T09:42:33+00:00\",\"description\":\"A Lin lavandaria foi constitu\u00edda em 1995, como culminar de um projecto de investimento submetido ao SAJE e deu o inicio \u00e0 sua actividade em Mar\u00e7o de 1996.\",\"breadcrumb\":{\"@id\":\"https:\/\/www.linlavandaria.pt\/index.php\/aluguer-de-roupa\/#breadcrumb\"},\"inLanguage\":\"pt-PT\",\"potentialAction\":[{\"@type\":\"ReadAction\",\"target\":[\"https:\/\/www.linlavandaria.pt\/index.php\/aluguer-de-roupa\/\"]}]},{\"@type\":\"BreadcrumbList\",\"@id\":\"https:\/\/www.linlavandaria.pt\/index.php\/aluguer-de-roupa\/#breadcrumb\",\"itemListElement\":[{\"@type\":\"ListItem\",\"position\":1,\"name\":\"In\u00edcio\",\"item\":\"https:\/\/www.linlavandaria.pt\/\"},{\"@type\":\"ListItem\",\"position\":2,\"name\":\"Aluguer de Roupa (0% de Investimento)\"}]},{\"@type\":\"WebSite\",\"@id\":\"http:\/\/www.linlavandaria.pt\/#website\",\"url\":\"http:\/\/www.linlavandaria.pt\/\",\"name\":\"LIN - Lavandaria Industrial\",\"description\":\"A Lin lavandaria foi constitu\u00edda em 1995, como culminar de um projecto de investimento submetido ao SAJE \u2013 Sistema de Apoio a Jovens Empres\u00e1rios e deu o inicio \u00e0 sua actividade em Mar\u00e7o de 1996.\",\"publisher\":{\"@id\":\"http:\/\/www.linlavandaria.pt\/#organization\"},\"potentialAction\":[{\"@type\":\"SearchAction\",\"target\":{\"@type\":\"EntryPoint\",\"urlTemplate\":\"http:\/\/www.linlavandaria.pt\/?s={search_term_string}\"},\"query-input\":{\"@type\":\"PropertyValueSpecification\",\"valueRequired\":true,\"valueName\":\"search_term_string\"}}],\"inLanguage\":\"pt-PT\"},{\"@type\":\"Organization\",\"@id\":\"http:\/\/www.linlavandaria.pt\/#organization\",\"name\":\"LIN - Lavandaria Industrial\",\"url\":\"http:\/\/www.linlavandaria.pt\/\",\"logo\":{\"@type\":\"ImageObject\",\"inLanguage\":\"pt-PT\",\"@id\":\"http:\/\/www.linlavandaria.pt\/#\/schema\/logo\/image\/\",\"url\":\"https:\/\/www.linlavandaria.pt\/wp-content\/uploads\/2017\/09\/fav-64.png\",\"contentUrl\":\"https:\/\/www.linlavandaria.pt\/wp-content\/uploads\/2017\/09\/fav-64.png\",\"width\":62,\"height\":64,\"caption\":\"LIN - Lavandaria Industrial\"},\"image\":{\"@id\":\"http:\/\/www.linlavandaria.pt\/#\/schema\/logo\/image\/\"},\"sameAs\":[\"https:\/\/www.facebook.com\/people\/LIN-Lavandaria-Industrial\/100064782247048\/?locale=pt_PT&_rdr\"]}]}<\/script>\n<!-- \/ Yoast SEO plugin. -->","yoast_head_json":{"title":"Aluguer de Roupa (0% de Investimento) - LIN - Lavandaria Industrial","description":"A Lin lavandaria foi constitu\u00edda em 1995, como culminar de um projecto de investimento submetido ao SAJE e deu o inicio \u00e0 sua actividade em Mar\u00e7o de 1996.","robots":{"index":"index","follow":"follow","max-snippet":"max-snippet:-1","max-image-preview":"max-image-preview:large","max-video-preview":"max-video-preview:-1"},"canonical":"https:\/\/www.linlavandaria.pt\/index.php\/aluguer-de-roupa\/","og_locale":"pt_PT","og_type":"article","og_title":"Aluguer de Roupa (0% de Investimento) - LIN - Lavandaria Industrial","og_description":"A Lin lavandaria foi constitu\u00edda em 1995, como culminar de um projecto de investimento submetido ao SAJE e deu o inicio \u00e0 sua actividade em Mar\u00e7o de 1996.","og_url":"https:\/\/www.linlavandaria.pt\/index.php\/aluguer-de-roupa\/","og_site_name":"LIN - Lavandaria Industrial","article_publisher":"https:\/\/www.facebook.com\/people\/LIN-Lavandaria-Industrial\/100064782247048\/?locale=pt_PT&_rdr","article_modified_time":"2017-09-29T09:42:33+00:00","twitter_card":"summary_large_image","twitter_misc":{"Tempo estimado de leitura":"1 minuto"},"schema":{"@context":"https:\/\/schema.org","@graph":[{"@type":"WebPage","@id":"https:\/\/www.linlavandaria.pt\/index.php\/aluguer-de-roupa\/","url":"https:\/\/www.linlavandaria.pt\/index.php\/aluguer-de-roupa\/","name":"Aluguer de Roupa (0% de Investimento) - LIN - Lavandaria Industrial","isPartOf":{"@id":"http:\/\/www.linlavandaria.pt\/#website"},"datePublished":"2017-09-22T09:31:37+00:00","dateModified":"2017-09-29T09:42:33+00:00","description":"A Lin lavandaria foi constitu\u00edda em 1995, como culminar de um projecto de investimento submetido ao SAJE e deu o inicio \u00e0 sua actividade em Mar\u00e7o de 1996.","breadcrumb":{"@id":"https:\/\/www.linlavandaria.pt\/index.php\/aluguer-de-roupa\/#breadcrumb"},"inLanguage":"pt-PT","potentialAction":[{"@type":"ReadAction","target":["https:\/\/www.linlavandaria.pt\/index.php\/aluguer-de-roupa\/"]}]},{"@type":"BreadcrumbList","@id":"https:\/\/www.linlavandaria.pt\/index.php\/aluguer-de-roupa\/#breadcrumb","itemListElement":[{"@type":"ListItem","position":1,"name":"In\u00edcio","item":"https:\/\/www.linlavandaria.pt\/"},{"@type":"ListItem","position":2,"name":"Aluguer de Roupa (0% de Investimento)"}]},{"@type":"WebSite","@id":"http:\/\/www.linlavandaria.pt\/#website","url":"http:\/\/www.linlavandaria.pt\/","name":"LIN - Lavandaria Industrial","description":"A Lin lavandaria foi constitu\u00edda em 1995, como culminar de um projecto de investimento submetido ao SAJE \u2013 Sistema de Apoio a Jovens Empres\u00e1rios e deu o inicio \u00e0 sua actividade em Mar\u00e7o de 1996.","publisher":{"@id":"http:\/\/www.linlavandaria.pt\/#organization"},"potentialAction":[{"@type":"SearchAction","target":{"@type":"EntryPoint","urlTemplate":"http:\/\/www.linlavandaria.pt\/?s={search_term_string}"},"query-input":{"@type":"PropertyValueSpecification","valueRequired":true,"valueName":"search_term_string"}}],"inLanguage":"pt-PT"},{"@type":"Organization","@id":"http:\/\/www.linlavandaria.pt\/#organization","name":"LIN - Lavandaria Industrial","url":"http:\/\/www.linlavandaria.pt\/","logo":{"@type":"ImageObject","inLanguage":"pt-PT","@id":"http:\/\/www.linlavandaria.pt\/#\/schema\/logo\/image\/","url":"https:\/\/www.linlavandaria.pt\/wp-content\/uploads\/2017\/09\/fav-64.png","contentUrl":"https:\/\/www.linlavandaria.pt\/wp-content\/uploads\/2017\/09\/fav-64.png","width":62,"height":64,"caption":"LIN - Lavandaria Industrial"},"image":{"@id":"http:\/\/www.linlavandaria.pt\/#\/schema\/logo\/image\/"},"sameAs":["https:\/\/www.facebook.com\/people\/LIN-Lavandaria-Industrial\/100064782247048\/?locale=pt_PT&_rdr"]}]}},"_links":{"self":[{"href":"https:\/\/www.linlavandaria.pt\/index.php\/wp-json\/wp\/v2\/pages\/64","targetHints":{"allow":["GET"]}}],"collection":[{"href":"https:\/\/www.linlavandaria.pt\/index.php\/wp-json\/wp\/v2\/pages"}],"about":[{"href":"https:\/\/www.linlavandaria.pt\/index.php\/wp-json\/wp\/v2\/types\/page"}],"author":[{"embeddable":true,"href":"https:\/\/www.linlavandaria.pt\/index.php\/wp-json\/wp\/v2\/users\/1"}],"replies":[{"embeddable":true,"href":"https:\/\/www.linlavandaria.pt\/index.php\/wp-json\/wp\/v2\/comments?post=64"}],"version-history":[{"count":5,"href":"https:\/\/www.linlavandaria.pt\/index.php\/wp-json\/wp\/v2\/pages\/64\/revisions"}],"predecessor-version":[{"id":224,"href":"https:\/\/www.linlavandaria.pt\/index.php\/wp-json\/wp\/v2\/pages\/64\/revisions\/224"}],"wp:attachment":[{"href":"https:\/\/www.linlavandaria.pt\/index.php\/wp-json\/wp\/v2\/media?parent=64"}],"curies":[{"name":"wp","href":"https:\/\/api.w.org\/{rel}","templated":true}]}}